{"id":1539,"date":"2023-10-18T14:52:29","date_gmt":"2023-10-18T19:52:29","guid":{"rendered":"https:\/\/www.nutrihairbykarentunjo.com\/?post_type=product&#038;p=1539"},"modified":"2025-07-04T09:41:39","modified_gmt":"2025-07-04T13:41:39","slug":"moisturizing-conditioner","status":"publish","type":"product","link":"https:\/\/www.nutrihairbykarentunjo.com\/es\/producto\/moisturizing-conditioner\/","title":{"rendered":"Acondicionador Hidratante"},"content":{"rendered":"<p>Hidrata tu cabello con un lujoso acondicionador vegano, libre de sulfatos y parabenos. Mejora la integridad del cabello con antioxidantes naturales y p\u00e9ptidos de penetraci\u00f3n profunda para una explosi\u00f3n de humedad y brillo.<br \/>\nPara todo tipo de cabello, seguro para usar en extensiones y cabello te\u00f1ido.<\/p>","protected":false},"excerpt":{"rendered":"<p>Hidrata tu cabello con un lujoso acondicionador vegano, libre de sulfatos y parabenos. Mejora la integridad del cabello con antioxidantes naturales y p\u00e9ptidos de penetraci\u00f3n profunda para una explosi\u00f3n de humedad y brillo.<br \/>\nPara todo tipo de cabello, seguro para usar en extensiones y cabello te\u00f1ido.<\/p>","protected":false},"featured_media":1244,"comment_status":"open","ping_status":"closed","template":"","meta":{"_acf_changed":false},"product_cat":[29],"product_tag":[],"class_list":{"0":"post-1539","1":"product","2":"type-product","3":"status-publish","4":"has-post-thumbnail","6":"product_cat-hair-care","8":"first","9":"instock","10":"sale","11":"taxable","12":"shipping-taxable","13":"purchasable","14":"product-type-simple"},"acf":[],"_links":{"self":[{"href":"https:\/\/www.nutrihairbykarentunjo.com\/es\/wp-json\/wp\/v2\/product\/1539","targetHints":{"allow":["GET"]}}],"collection":[{"href":"https:\/\/www.nutrihairbykarentunjo.com\/es\/wp-json\/wp\/v2\/product"}],"about":[{"href":"https:\/\/www.nutrihairbykarentunjo.com\/es\/wp-json\/wp\/v2\/types\/product"}],"replies":[{"embeddable":true,"href":"https:\/\/www.nutrihairbykarentunjo.com\/es\/wp-json\/wp\/v2\/comments?post=1539"}],"wp:featuredmedia":[{"embeddable":true,"href":"https:\/\/www.nutrihairbykarentunjo.com\/es\/wp-json\/wp\/v2\/media\/1244"}],"wp:attachment":[{"href":"https:\/\/www.nutrihairbykarentunjo.com\/es\/wp-json\/wp\/v2\/media?parent=1539"}],"wp:term":[{"taxonomy":"product_cat","embeddable":true,"href":"https:\/\/www.nutrihairbykarentunjo.com\/es\/wp-json\/wp\/v2\/product_cat?post=1539"},{"taxonomy":"product_tag","embeddable":true,"href":"https:\/\/www.nutrihairbykarentunjo.com\/es\/wp-json\/wp\/v2\/product_tag?post=1539"}],"curies":[{"name":"wp","href":"https:\/\/api.w.org\/{rel}","templated":true}]}}